{"id":545,"date":"2021-05-31T19:45:56","date_gmt":"2021-05-31T17:45:56","guid":{"rendered":"https:\/\/guidokoerfer.consulting\/?page_id=545"},"modified":"2024-04-12T10:13:27","modified_gmt":"2024-04-12T08:13:27","slug":"impressum","status":"publish","type":"page","link":"https:\/\/guidokoerfer.consulting\/en\/impressum\/","title":{"rendered":"Impressum"},"content":{"rendered":"<div class=\"wpb-content-wrapper\"><section id=\"ut-section-69fb2b7bd35cf\" data-vc-full-width=\"true\" data-vc-full-width-init=\"false\" data-cursor-skin=\"global\" class=\"vc_section ut-vc-120 vc_section-has-fill ut-section-69fb2b7bd35e2 ut-section-with-linking\"><a id=\"section-about\" data-id=\"section-about\" class=\"ut-vc-offset-anchor-top\" name=\"section-about\">about<\/a><div id=\"ut-row-69fb2b7bd48f7\" data-vc-full-width=\"true\" data-vc-full-width-init=\"false\" class=\"vc_row wpb_row vc_row-fluid vc_column-gap-0 ut-row-69fb2b7bd4906\" ><div class=\"wpb_column vc_column_container vc_col-sm-12 ut-animate-element animated ut-no-animation-tablet ut-no-animation-mobile\" data-effect=\"slideInUp\" data-animateonce=\"no\" data-delay=\"0\" data-animation-duration=\"1s\"><div id=\"ut_inner_column_69fb2b7bd59f1\" class=\"vc_column-inner\" ><div class=\"wpb_wrapper\"><style type=\"text\/css\">#bklyn_btn_69fb2b7bd5b98 .bklyn-btn { background-color:#ff3f00 !important; }#bklyn_btn_69fb2b7bd5b98 .bklyn-btn:hover{ color:#ffffff !important; background-color:#cb3402 !important; }#bklyn_btn_69fb2b7bd5b98 .bklyn-btn:focus{ color:#ffffff !important; background-color:#cb3402 !important; }#bklyn_btn_69fb2b7bd5b98 .bklyn-btn:active { color:#ffffff !important; background-color:#cb3402 !important; }#bklyn_btn_69fb2b7bd5b98 a.bklyn-btn { font-weight:600 !important; }#bklyn_btn_69fb2b7bd5b98.bklyn-btn-header a.bklyn-btn { font-weight:600 !important; }#bklyn_btn_69fb2b7bd5b98.bklyn-btn-header a.bklyn-btn span { font-weight:600 !important; }#bklyn_btn_69fb2b7bd5b98 a.bklyn-btn { font-family:inherit !important; }<\/style><div id=\"bklyn_btn_69fb2b7bd5b98\" class=\"bklyn-btn-holder  bklyn-btn-left bklyn-btn-tablet-left bklyn-btn-mobile-left\"><a title=\"Home\"   href=\"https:\/\/guidokoerfer.consulting\/en\/\" target=\"_self\" class=\"bklyn-btn  bklyn-btn-icon-left bklyn-btn-small\" ><i class=\"fa fa-chevron-left\"><\/i><span class=\"ut-btn-text\">Home<\/span><\/a><\/div>\r\n<style type=\"text\/css\">\r\n\r\n    \r\n    #ut-empty-space-69fb2b7bd6264 {\r\n        height: 20px    }\r\n\r\n    \r\n        @media (min-width: 768px) and (max-width: 1200px) {\r\n        #ut-empty-space-69fb2b7bd6264 {\r\n        height: 20px;\r\n        display: block;\r\n    }\r\n    }\r\n    \r\n    \r\n    @media (max-width: 767px) {\r\n        #ut-empty-space-69fb2b7bd6264 {\r\n        height: 20px;\r\n        display: block;\r\n    }\r\n    }\r\n\r\n    \r\n<\/style>\r\n\r\n<div class=\"vc_empty_space\" id=\"ut-empty-space-69fb2b7bd6264\"><span class=\"vc_empty_space_inner\"><\/span><\/div>\r\n\t<div class=\"wpb_text_column wpb_content_element\" >\r\n\t\t<div class=\"wpb_wrapper\">\r\n\t\t\t<h1>Impressum<\/h1>\n<h3>Diensteanbieter<\/h3>\n<p>gkc<br \/>\nSystemisches Coaching und Beratung f\u00fcr Organisationsentwicklung<br \/>\nGmbH &amp; Co. KG<br \/>\nBr\u00fchler Stra\u00dfe 9<br \/>\n50968 K\u00f6ln<\/p>\n<h3>Kontaktm\u00f6glichkeiten<\/h3>\n<p>E-Mail-Adresse: gk@guidokoerfer.consulting<br \/>\nTelefon: +49-173-2126211<\/p>\n<h3>Angaben zum Unternehmen<\/h3>\n<p>gkc &#8211; Systemisches Coaching und Beratung f\u00fcr Organisationsentwicklung GmbH &amp; Co. KG<\/p>\n<p>Gesch\u00e4ftsinhaber: Guido K\u00f6rfer und Karin K\u00f6rfer<\/p>\n<p>Umsatzsteuer Identifikationsnummer (USt-ID): DE 61749837205<br \/>\nSocial Media und andere Onlinepr\u00e4senzen<\/p>\n<p>Dieses Impressum gilt auch f\u00fcr die folgenden Social-Media-Pr\u00e4senzen und Onlineprofile:<br \/>\n<a href=\"https:\/\/www.facebook.com\/guido.koerfer\">https:\/\/www.facebook.com\/guido.koerfer<\/a><br \/>\n<a href=\"https:\/\/twitter.com\/guidokoerfer\">https:\/\/twitter.com\/guidokoerfer<\/a><br \/>\n<a href=\"https:\/\/www.linkedin.com\/in\/guido-k\u00f6rfer\/\">https:\/\/www.linkedin.com\/in\/guido-k\u00f6rfer\/<\/a><\/p>\n<h3>Haftungs- und Schutzrechtshinweise<\/h3>\n<p><strong>Haftungsausschluss:<\/strong> Die Inhalte dieses Onlineangebotes wurden sorgf\u00e4ltig und nach unserem aktuellen Kenntnisstand erstellt, dienen jedoch nur der Information und entfalten keine rechtlich bindende Wirkung, sofern es sich nicht um gesetzlich verpflichtende Informationen (z.B. das Impressum, die Datenschutzerkl\u00e4rung, AGB oder verpflichtende Belehrungen von Verbrauchern) handelt. Wir behalten uns vor, die Inhalte vollst\u00e4ndig oder teilweise zu \u00e4ndern oder zu l\u00f6schen, soweit vertragliche Verpflichtungen unber\u00fchrt bleiben. Alle Angebote sind freibleibend und unverbindlich.<\/p>\n<p><strong>Links auf fremde Webseiten:<\/strong> Inhalte fremder Webseiten, auf die wir direkt oder indirekt verweisen, liegen au\u00dferhalb unseres Verantwortungsbereiches und machen wir uns nicht zu Eigen. F\u00fcr alle Inhalte und insbesondere f\u00fcr Sch\u00e4den, die aus der Nutzung der in den verlinkten Webseiten aufrufbaren Informationen entstehen, haftet allein der Anbieter der verlinkten Webseiten.<\/p>\n<p><strong>Urheberrechte und Markenrechte:<\/strong> Alle auf dieser Website dargestellten Inhalte, wie Texte, Fotografien, Grafiken, Marken und Warenzeichen sind durch die jeweiligen Schutzrechte (Urheberrechte, Markenrechte) gesch\u00fctzt. Die Verwendung, Vervielf\u00e4ltigung usw. unterliegen unseren Rechten oder den Rechten der jeweiligen Urheber bzw. Rechteverwalter.<\/p>\n<p><strong>Hinweise auf Rechtsverst\u00f6\u00dfe:<\/strong> Sollten Sie innerhalb unseres Internetauftritts Rechtsverst\u00f6\u00dfe bemerken, bitten wir Sie uns auf diese hinzuweisen. Wir werden rechtswidrige Inhalte und Links nach Kenntnisnahme unverz\u00fcglich entfernen.<\/p>\n\r\n\t\t<\/div>\r\n\t<\/div>\r\n<\/div><\/div><\/div><\/div><div class=\"vc_row-full-width vc_clearfix\"><\/div><a data-id=\"section-about\" class=\"ut-vc-offset-anchor-bottom\" name=\"section-about\">about<\/a><style type=\"text\/css\">#ut-section-69fb2b7bd35cf{background-color: #000000 !important;} <\/style><\/section><div class=\"vc_row-full-width vc_clearfix\"><\/div>\n<\/div>","protected":false},"excerpt":{"rendered":"aboutHome Impressum Diensteanbieter gkc Systemisches Coaching und Beratung f\u00fcr Organisationsentwicklung GmbH &amp; Co. KG Br\u00fchler Stra\u00dfe 9 50968 K\u00f6ln Kontaktm\u00f6glichkeiten E-Mail-Adresse: gk@guidokoerfer.consulting Telefon: +49-173-2126211 Angaben zum Unternehmen gkc - Systemisches Coaching und Beratung f\u00fcr Organisationsentwicklung GmbH &amp; Co. KG Gesch\u00e4ftsinhaber: Guido K\u00f6rfer und Karin K\u00f6rfer Umsatzsteuer Identifikationsnummer (USt-ID): DE 61749837205 Social Media und andere Onlinepr\u00e4senzen [...]","protected":false},"author":1,"featured_media":0,"parent":0,"menu_order":0,"comment_status":"closed","ping_status":"closed","template":"","meta":{"footnotes":""},"class_list":["post-545","page","type-page","status-publish","hentry"],"yoast_head":"<!-- This site is optimized with the Yoast SEO Premium plugin v23.5 (Yoast SEO v27.4) - https:\/\/yoast.com\/product\/yoast-seo-premium-wordpress\/ -->\n<title>Impressum - guidokoerfer.consulting<\/title>\n<meta name=\"robots\" content=\"index, follow, max-snippet:-1, max-image-preview:large, max-video-preview:-1\" \/>\n<link rel=\"canonical\" href=\"\/en\/https:\/\/guidokoerfer.consulting\/en\/impressum\/\/\" \/>\n<meta property=\"og:locale\" content=\"de_DE\" \/>\n<meta property=\"og:type\" content=\"article\" \/>\n<meta property=\"og:title\" content=\"Impressum\" \/>\n<meta property=\"og:url\" content=\"\/en\/https:\/\/guidokoerfer.consulting\/en\/impressum\/\/\" \/>\n<meta property=\"og:site_name\" content=\"guidokoerfer.consulting\" \/>\n<meta property=\"article:publisher\" content=\"https:\/\/www.facebook.com\/guido.koerfer\" \/>\n<meta property=\"article:modified_time\" content=\"2024-04-12T08:13:27+00:00\" \/>\n<meta property=\"og:image\" content=\"https:\/\/guidokoerfer.consulting\/wp-content\/uploads\/2021\/05\/guido_koerfer_image_facebook.jpg\" \/>\n\t<meta property=\"og:image:width\" content=\"1200\" \/>\n\t<meta property=\"og:image:height\" content=\"630\" \/>\n\t<meta property=\"og:image:type\" content=\"image\/jpeg\" \/>\n<meta name=\"twitter:card\" content=\"summary_large_image\" \/>\n<meta name=\"twitter:site\" content=\"@guidokoerfer\" \/>\n<meta name=\"twitter:label1\" content=\"Gesch\u00e4tzte Lesezeit\" \/>\n\t<meta name=\"twitter:data1\" content=\"4\u00a0Minuten\" \/>\n<script type=\"application\/ld+json\" class=\"yoast-schema-graph\">{\"@context\":\"https:\\\/\\\/schema.org\",\"@graph\":[{\"@type\":\"WebPage\",\"@id\":\"https:\\\/\\\/guidokoerfer.consulting\\\/en\\\/impressum\\\/\",\"url\":\"https:\\\/\\\/guidokoerfer.consulting\\\/en\\\/impressum\\\/\",\"name\":\"Impressum - guidokoerfer.consulting\",\"isPartOf\":{\"@id\":\"https:\\\/\\\/guidokoerfer.consulting\\\/#website\"},\"datePublished\":\"2021-05-31T17:45:56+00:00\",\"dateModified\":\"2024-04-12T08:13:27+00:00\",\"breadcrumb\":{\"@id\":\"https:\\\/\\\/guidokoerfer.consulting\\\/en\\\/impressum\\\/#breadcrumb\"},\"inLanguage\":\"de\",\"potentialAction\":[{\"@type\":\"ReadAction\",\"target\":[\"https:\\\/\\\/guidokoerfer.consulting\\\/en\\\/impressum\\\/\"]}]},{\"@type\":\"BreadcrumbList\",\"@id\":\"https:\\\/\\\/guidokoerfer.consulting\\\/en\\\/impressum\\\/#breadcrumb\",\"itemListElement\":[{\"@type\":\"ListItem\",\"position\":1,\"name\":\"Home\",\"item\":\"https:\\\/\\\/guidokoerfer.consulting\\\/\"},{\"@type\":\"ListItem\",\"position\":2,\"name\":\"Impressum\"}]},{\"@type\":\"WebSite\",\"@id\":\"https:\\\/\\\/guidokoerfer.consulting\\\/#website\",\"url\":\"https:\\\/\\\/guidokoerfer.consulting\\\/\",\"name\":\"guidokoerfer.consulting\",\"description\":\"Transformations-Beratung und Organisationsentwicklung\",\"publisher\":{\"@id\":\"https:\\\/\\\/guidokoerfer.consulting\\\/#organization\"},\"potentialAction\":[{\"@type\":\"SearchAction\",\"target\":{\"@type\":\"EntryPoint\",\"urlTemplate\":\"https:\\\/\\\/guidokoerfer.consulting\\\/?s={search_term_string}\"},\"query-input\":{\"@type\":\"PropertyValueSpecification\",\"valueRequired\":true,\"valueName\":\"search_term_string\"}}],\"inLanguage\":\"de\"},{\"@type\":\"Organization\",\"@id\":\"https:\\\/\\\/guidokoerfer.consulting\\\/#organization\",\"name\":\"guidokoerfer.consulting\",\"url\":\"https:\\\/\\\/guidokoerfer.consulting\\\/\",\"logo\":{\"@type\":\"ImageObject\",\"inLanguage\":\"de\",\"@id\":\"https:\\\/\\\/guidokoerfer.consulting\\\/#\\\/schema\\\/logo\\\/image\\\/\",\"url\":\"https:\\\/\\\/guidokoerfer.consulting\\\/wp-content\\\/uploads\\\/2021\\\/05\\\/gkc_Logo.png\",\"contentUrl\":\"https:\\\/\\\/guidokoerfer.consulting\\\/wp-content\\\/uploads\\\/2021\\\/05\\\/gkc_Logo.png\",\"width\":500,\"height\":500,\"caption\":\"guidokoerfer.consulting\"},\"image\":{\"@id\":\"https:\\\/\\\/guidokoerfer.consulting\\\/#\\\/schema\\\/logo\\\/image\\\/\"},\"sameAs\":[\"https:\\\/\\\/www.facebook.com\\\/guido.koerfer\",\"https:\\\/\\\/x.com\\\/guidokoerfer\",\"https:\\\/\\\/www.linkedin.com\\\/in\\\/guido-krfer\\\/\"]}]}<\/script>\n<!-- \/ Yoast SEO Premium plugin. -->","yoast_head_json":{"title":"Impressum - guidokoerfer.consulting","robots":{"index":"index","follow":"follow","max-snippet":"max-snippet:-1","max-image-preview":"max-image-preview:large","max-video-preview":"max-video-preview:-1"},"canonical":"\/en\/https:\/\/guidokoerfer.consulting\/en\/impressum\/\/","og_locale":"de_DE","og_type":"article","og_title":"Impressum","og_url":"\/en\/https:\/\/guidokoerfer.consulting\/en\/impressum\/\/","og_site_name":"guidokoerfer.consulting","article_publisher":"https:\/\/www.facebook.com\/guido.koerfer","article_modified_time":"2024-04-12T08:13:27+00:00","og_image":[{"width":1200,"height":630,"url":"https:\/\/guidokoerfer.consulting\/wp-content\/uploads\/2021\/05\/guido_koerfer_image_facebook.jpg","type":"image\/jpeg"}],"twitter_card":"summary_large_image","twitter_site":"@guidokoerfer","twitter_misc":{"Gesch\u00e4tzte Lesezeit":"4\u00a0Minuten"},"schema":{"@context":"https:\/\/schema.org","@graph":[{"@type":"WebPage","@id":"https:\/\/guidokoerfer.consulting\/en\/impressum\/","url":"https:\/\/guidokoerfer.consulting\/en\/impressum\/","name":"Impressum - guidokoerfer.consulting","isPartOf":{"@id":"https:\/\/guidokoerfer.consulting\/#website"},"datePublished":"2021-05-31T17:45:56+00:00","dateModified":"2024-04-12T08:13:27+00:00","breadcrumb":{"@id":"https:\/\/guidokoerfer.consulting\/en\/impressum\/#breadcrumb"},"inLanguage":"de","potentialAction":[{"@type":"ReadAction","target":["https:\/\/guidokoerfer.consulting\/en\/impressum\/"]}]},{"@type":"BreadcrumbList","@id":"https:\/\/guidokoerfer.consulting\/en\/impressum\/#breadcrumb","itemListElement":[{"@type":"ListItem","position":1,"name":"Home","item":"https:\/\/guidokoerfer.consulting\/"},{"@type":"ListItem","position":2,"name":"Impressum"}]},{"@type":"WebSite","@id":"https:\/\/guidokoerfer.consulting\/#website","url":"https:\/\/guidokoerfer.consulting\/","name":"guidokoerfer.consulting","description":"Transformations-Beratung und Organisationsentwicklung","publisher":{"@id":"https:\/\/guidokoerfer.consulting\/#organization"},"potentialAction":[{"@type":"SearchAction","target":{"@type":"EntryPoint","urlTemplate":"https:\/\/guidokoerfer.consulting\/?s={search_term_string}"},"query-input":{"@type":"PropertyValueSpecification","valueRequired":true,"valueName":"search_term_string"}}],"inLanguage":"de"},{"@type":"Organization","@id":"https:\/\/guidokoerfer.consulting\/#organization","name":"guidokoerfer.consulting","url":"https:\/\/guidokoerfer.consulting\/","logo":{"@type":"ImageObject","inLanguage":"de","@id":"https:\/\/guidokoerfer.consulting\/#\/schema\/logo\/image\/","url":"https:\/\/guidokoerfer.consulting\/wp-content\/uploads\/2021\/05\/gkc_Logo.png","contentUrl":"https:\/\/guidokoerfer.consulting\/wp-content\/uploads\/2021\/05\/gkc_Logo.png","width":500,"height":500,"caption":"guidokoerfer.consulting"},"image":{"@id":"https:\/\/guidokoerfer.consulting\/#\/schema\/logo\/image\/"},"sameAs":["https:\/\/www.facebook.com\/guido.koerfer","https:\/\/x.com\/guidokoerfer","https:\/\/www.linkedin.com\/in\/guido-krfer\/"]}]}},"_links":{"self":[{"href":"https:\/\/guidokoerfer.consulting\/en\/wp-json\/wp\/v2\/pages\/545","targetHints":{"allow":["GET"]}}],"collection":[{"href":"https:\/\/guidokoerfer.consulting\/en\/wp-json\/wp\/v2\/pages"}],"about":[{"href":"https:\/\/guidokoerfer.consulting\/en\/wp-json\/wp\/v2\/types\/page"}],"author":[{"embeddable":true,"href":"https:\/\/guidokoerfer.consulting\/en\/wp-json\/wp\/v2\/users\/1"}],"replies":[{"embeddable":true,"href":"https:\/\/guidokoerfer.consulting\/en\/wp-json\/wp\/v2\/comments?post=545"}],"version-history":[{"count":23,"href":"https:\/\/guidokoerfer.consulting\/en\/wp-json\/wp\/v2\/pages\/545\/revisions"}],"predecessor-version":[{"id":713,"href":"https:\/\/guidokoerfer.consulting\/en\/wp-json\/wp\/v2\/pages\/545\/revisions\/713"}],"wp:attachment":[{"href":"https:\/\/guidokoerfer.consulting\/en\/wp-json\/wp\/v2\/media?parent=545"}],"curies":[{"name":"wp","href":"https:\/\/api.w.org\/{rel}","templated":true}]}}